{"id":493,"date":"2025-07-29T19:58:46","date_gmt":"2025-07-29T19:58:46","guid":{"rendered":"https:\/\/pioxicorrientes.net\/pioxi\/?page_id=493"},"modified":"2025-10-28T19:00:52","modified_gmt":"2025-10-28T19:00:52","slug":"historia","status":"publish","type":"page","link":"https:\/\/pioxicorrientes.net\/pioxi\/historia\/","title":{"rendered":"Historia"},"content":{"rendered":"\t\t<div data-elementor-type=\"wp-page\" data-elementor-id=\"493\" class=\"elementor elementor-493\">\n\t\t\t\t<div class=\"elementor-element elementor-element-e5014ed e-flex e-con-boxed e-con e-parent\" data-id=\"e5014ed\" data-element_type=\"container\">\n\t\t\t\t\t<div class=\"e-con-inner\">\n\t\t\t\t<div class=\"elementor-element elementor-element-286b4a4 elementor-widget elementor-widget-heading\" data-id=\"286b4a4\" data-element_type=\"widget\" data-widget_type=\"heading.default\">\n\t\t\t\t<div class=\"elementor-widget-container\">\n\t\t\t\t\t<h1 class=\"elementor-heading-title elementor-size-default\">HISTORIA<\/h1>\t\t\t\t<\/div>\n\t\t\t\t<\/div>\n\t\t\t\t\t<\/div>\n\t\t\t\t<\/div>\n\t\t<div class=\"elementor-element elementor-element-7f93e99 e-flex e-con-boxed e-con e-parent\" data-id=\"7f93e99\" data-element_type=\"container\">\n\t\t\t\t\t<div class=\"e-con-inner\">\n\t\t\t\t<div class=\"elementor-element elementor-element-b7f3ccc elementor-widget__width-auto elementor-arrows-position-inside elementor-pagination-position-outside elementor-widget elementor-widget-image-carousel\" data-id=\"b7f3ccc\" data-element_type=\"widget\" data-settings=\"{&quot;navigation&quot;:&quot;both&quot;,&quot;autoplay&quot;:&quot;yes&quot;,&quot;pause_on_hover&quot;:&quot;yes&quot;,&quot;pause_on_interaction&quot;:&quot;yes&quot;,&quot;autoplay_speed&quot;:5000,&quot;infinite&quot;:&quot;yes&quot;,&quot;speed&quot;:500}\" data-widget_type=\"image-carousel.default\">\n\t\t\t\t<div class=\"elementor-widget-container\">\n\t\t\t\t\t\t\t<div class=\"elementor-image-carousel-wrapper swiper\" role=\"region\" aria-roledescription=\"carousel\" aria-label=\"Carrusel de im\u00e1genes\" dir=\"ltr\">\n\t\t\t<div class=\"elementor-image-carousel swiper-wrapper swiper-image-stretch\" aria-live=\"off\">\n\t\t\t\t\t\t\t\t<div class=\"swiper-slide\" role=\"group\" aria-roledescription=\"slide\" aria-label=\"1 de 10\"><figure class=\"swiper-slide-inner\"><img decoding=\"async\" class=\"swiper-slide-image\" src=\"https:\/\/pioxicorrientes.net\/pioxi\/wp-content\/uploads\/elementor\/thumbs\/WhatsApp-Image-2024-12-03-at-3.43.42-PM-2-rb6g3gcc19rp5yn0hdhvx8ae5xadot0xglef1ctku0.jpeg\" alt=\"WhatsApp Image 2024-12-03 at 3.43.42 PM (2)\" \/><\/figure><\/div><div class=\"swiper-slide\" role=\"group\" aria-roledescription=\"slide\" aria-label=\"2 de 10\"><figure class=\"swiper-slide-inner\"><img decoding=\"async\" class=\"swiper-slide-image\" src=\"https:\/\/pioxicorrientes.net\/pioxi\/wp-content\/uploads\/elementor\/thumbs\/WhatsApp-Image-2024-12-03-at-3.43.46-PM-1-rb6g3i80exu9t6ka6eb527tbcp14478e4updzwqshk.jpeg\" alt=\"WhatsApp Image 2024-12-03 at 3.43.46 PM (1)\" \/><\/figure><\/div><div class=\"swiper-slide\" role=\"group\" aria-roledescription=\"slide\" aria-label=\"3 de 10\"><figure class=\"swiper-slide-inner\"><img decoding=\"async\" class=\"swiper-slide-image\" src=\"https:\/\/pioxicorrientes.net\/pioxi\/wp-content\/uploads\/elementor\/thumbs\/WhatsApp-Image-2024-12-03-at-3.43.47-PM-rb6g3j5ulrvk4six0wprmpkry2whbwc4gzcvh6pebc.jpeg\" alt=\"WhatsApp Image 2024-12-03 at 3.43.47 PM\" \/><\/figure><\/div><div class=\"swiper-slide\" role=\"group\" aria-roledescription=\"slide\" aria-label=\"4 de 10\"><figure class=\"swiper-slide-inner\"><img decoding=\"async\" class=\"swiper-slide-image\" src=\"https:\/\/pioxicorrientes.net\/pioxi\/wp-content\/uploads\/elementor\/thumbs\/WhatsApp-Image-2024-12-03-at-3.43.46-PM-rotated-rb6g3k3oslwugehjvf4e77c8jgrujlfut40cygo054.jpeg\" alt=\"WhatsApp Image 2024-12-03 at 3.43.46 PM\" \/><\/figure><\/div><div class=\"swiper-slide\" role=\"group\" aria-roledescription=\"slide\" aria-label=\"5 de 10\"><figure class=\"swiper-slide-inner\"><img decoding=\"async\" class=\"swiper-slide-image\" src=\"https:\/\/pioxicorrientes.net\/pioxi\/wp-content\/uploads\/elementor\/thumbs\/WhatsApp-Image-2024-12-03-at-3.43.44-PM-rb6g3l1izfy4s0g6pxj0rp3p4un7rajl58nufqmlyw.jpeg\" alt=\"WhatsApp Image 2024-12-03 at 3.43.44 PM\" \/><\/figure><\/div><div class=\"swiper-slide\" role=\"group\" aria-roledescription=\"slide\" aria-label=\"6 de 10\"><figure class=\"swiper-slide-inner\"><img decoding=\"async\" class=\"swiper-slide-image\" src=\"https:\/\/pioxicorrientes.net\/pioxi\/wp-content\/uploads\/elementor\/thumbs\/WhatsApp-Image-2024-12-03-at-3.43.45-PM-1-rb6g3lzd69zf3metkfxnc6v5q8ikyznbhdbbx0l7so.jpeg\" alt=\"WhatsApp Image 2024-12-03 at 3.43.45 PM (1)\" \/><\/figure><\/div><div class=\"swiper-slide\" role=\"group\" aria-roledescription=\"slide\" aria-label=\"7 de 10\"><figure class=\"swiper-slide-inner\"><img decoding=\"async\" class=\"swiper-slide-image\" src=\"https:\/\/pioxicorrientes.net\/pioxi\/wp-content\/uploads\/elementor\/thumbs\/WhatsApp-Image-2024-12-03-at-3.43.43-PM-rotated-rb6g3mx7d40pf8dgeyc9wommbmdy6or1thyteajtmg.jpeg\" alt=\"WhatsApp Image 2024-12-03 at 3.43.43 PM\" \/><\/figure><\/div><div class=\"swiper-slide\" role=\"group\" aria-roledescription=\"slide\" aria-label=\"8 de 10\"><figure class=\"swiper-slide-inner\"><img decoding=\"async\" class=\"swiper-slide-image\" src=\"https:\/\/pioxicorrientes.net\/pioxi\/wp-content\/uploads\/elementor\/thumbs\/WhatsApp-Image-2024-12-03-at-3.43.42-PM-1-rb6g3nv1jy1zquc39gqwh6e2x09bedus5mmavkifg8.jpeg\" alt=\"WhatsApp Image 2024-12-03 at 3.43.42 PM (1)\" \/><\/figure><\/div><div class=\"swiper-slide\" role=\"group\" aria-roledescription=\"slide\" aria-label=\"9 de 10\"><figure class=\"swiper-slide-inner\"><img decoding=\"async\" class=\"swiper-slide-image\" src=\"https:\/\/pioxicorrientes.net\/pioxi\/wp-content\/uploads\/elementor\/thumbs\/WhatsApp-Image-2024-11-25-at-12.21.56-PM-rotated-rb6g3pqpxm4ke29cyhk5m5x03s01ts28tvx9u4fn3s.jpeg\" alt=\"WhatsApp Image 2024-11-25 at 12.21.56 PM\" \/><\/figure><\/div><div class=\"swiper-slide\" role=\"group\" aria-roledescription=\"slide\" aria-label=\"10 de 10\"><figure class=\"swiper-slide-inner\"><img decoding=\"async\" class=\"swiper-slide-image\" src=\"https:\/\/pioxicorrientes.net\/pioxi\/wp-content\/uploads\/elementor\/thumbs\/WhatsApp-Image-2024-11-25-at-12.21.53-PM-rotated-rb6g3rmeba751a6mnider5fxajqs969pi588socurc.jpeg\" alt=\"WhatsApp Image 2024-11-25 at 12.21.53 PM\" \/><\/figure><\/div>\t\t\t<\/div>\n\t\t\t\t\t\t\t\t\t\t\t\t<div class=\"elementor-swiper-button elementor-swiper-button-prev\" role=\"button\" tabindex=\"0\">\n\t\t\t\t\t\t<svg aria-hidden=\"true\" class=\"e-font-icon-svg e-eicon-chevron-left\" viewBox=\"0 0 1000 1000\" xmlns=\"http:\/\/www.w3.org\/2000\/svg\"><path d=\"M646 125C629 125 613 133 604 142L308 442C296 454 292 471 292 487 292 504 296 521 308 533L604 854C617 867 629 875 646 875 663 875 679 871 692 858 704 846 713 829 713 812 713 796 708 779 692 767L438 487 692 225C700 217 708 204 708 187 708 171 704 154 692 142 675 129 663 125 646 125Z\"><\/path><\/svg>\t\t\t\t\t<\/div>\n\t\t\t\t\t<div class=\"elementor-swiper-button elementor-swiper-button-next\" role=\"button\" tabindex=\"0\">\n\t\t\t\t\t\t<svg aria-hidden=\"true\" class=\"e-font-icon-svg e-eicon-chevron-right\" viewBox=\"0 0 1000 1000\" xmlns=\"http:\/\/www.w3.org\/2000\/svg\"><path d=\"M696 533C708 521 713 504 713 487 713 471 708 454 696 446L400 146C388 133 375 125 354 125 338 125 325 129 313 142 300 154 292 171 292 187 292 204 296 221 308 233L563 492 304 771C292 783 288 800 288 817 288 833 296 850 308 863 321 871 338 875 354 875 371 875 388 867 400 854L696 533Z\"><\/path><\/svg>\t\t\t\t\t<\/div>\n\t\t\t\t\n\t\t\t\t\t\t\t\t\t<div class=\"swiper-pagination\"><\/div>\n\t\t\t\t\t\t\t\t\t<\/div>\n\t\t\t\t\t\t<\/div>\n\t\t\t\t<\/div>\n\t\t\t\t\t<\/div>\n\t\t\t\t<\/div>\n\t\t<div class=\"elementor-element elementor-element-3251c01 e-flex e-con-boxed e-con e-parent\" data-id=\"3251c01\" data-element_type=\"container\">\n\t\t\t\t\t<div class=\"e-con-inner\">\n\t\t\t\t<div class=\"elementor-element elementor-element-9530525 elementor-widget elementor-widget-heading\" data-id=\"9530525\" data-element_type=\"widget\" data-widget_type=\"heading.default\">\n\t\t\t\t<div class=\"elementor-widget-container\">\n\t\t\t\t\t<h2 class=\"elementor-heading-title elementor-size-default\">SALESIANOS EN CORRIENTES<\/h2>\t\t\t\t<\/div>\n\t\t\t\t<\/div>\n\t\t\t\t\t<\/div>\n\t\t\t\t<\/div>\n\t\t<div class=\"elementor-element elementor-element-d8aa86f e-con-full e-flex e-con e-parent\" data-id=\"d8aa86f\" data-element_type=\"container\">\n\t\t<div class=\"elementor-element elementor-element-d2339d3 e-con-full e-flex e-con e-child\" data-id=\"d2339d3\" data-element_type=\"container\">\n\t\t\t\t<div class=\"elementor-element elementor-element-ba2d419 elementor-widget elementor-widget-text-editor\" data-id=\"ba2d419\" data-element_type=\"widget\" data-widget_type=\"text-editor.default\">\n\t\t\t\t<div class=\"elementor-widget-container\">\n\t\t\t\t\t\t\t\t\t<p>Los padres salesianos Luis Castiglia y Jos\u00e9 Borgatti llegaron a Corrientes en diciembre de 1.927, iniciando su primera Obra en la casona ubicada en San Juan y 9 de Julio -hoy Casa Mar\u00eda Auxiliadora, Colegio Salesiano-. El 9 de septiembre de 1928 se coloca la piedra fundamental de la Escuela de Artes y Oficios y el Oratorio Festivo P\u00edo XI, a orillas del r\u00edo Paran\u00e1 en la zona conocida como Punta Vidal.<br \/>Durante la d\u00e9cada del 30 se van iniciando los grupos de la Familia Salesiana: Cooperadores, Cofrad\u00eda de Mar\u00eda Auxiliadora, adem\u00e1s el Batall\u00f3n 48 de Exploradores de Don Bosco, entre otras propuestas juveniles y para los vecinos del barrio Camb\u00e1 Cu\u00e1. En aquel periodo tambi\u00e9n se inici\u00f3 la construcci\u00f3n de la capilla Mar\u00eda Auxiliadora.<br \/>Al no poder continuar dicha construcci\u00f3n, se ocupan las pocas instalaciones a medio terminar como oratorio y lugar de paseo para las Obras Salesianas de Corrientes (Mar\u00eda Auxiliadora Centro) y de Resistencia (Don Bosco).<br \/>En 1950 se inaugura la capilla de Mar\u00eda Auxiliadora, con crecientes actividades pastorales, catequ\u00edsticas y sacramentales.<br \/>En 1960, tras la adecuaci\u00f3n del edificio se traslada el secundario que funcionaba en el colegio Salesiano Centro a Punta Vidal, dando inicio, el 3 de abril de dicho a\u00f1o, al Instituto P\u00edo XI, para la formaci\u00f3n de Maestros Normales Nacionales; constituy\u00e9ndose en una Obra independiente con una comunidad propia de Salesianos de Don Bosco (SDB) residentes en el lugar. <br \/>Desde 1.970 a 1.994, el Instituto otorg\u00f3 t\u00edtulos de Bachilleres nacionales. El \u00faltimo director consagrado fue el padre Jos\u00e9 Lorber SDB.<\/p><h2><strong>Nuevo tiempo<\/strong><\/h2><p>En 1.995 se origin\u00f3 una nueva etapa, con el inicio de la gesti\u00f3n laical, cuyo director de Obra y Rector del nivel secundario fue el ingeniero y profesor Carlos \u201cGringo\u201d Zan\u00edn. Adem\u00e1s, ese a\u00f1o ingresaron las primeras alumnas y egres\u00f3 la primera promoci\u00f3n de Bachilleres mercantiles.<\/p><p>En 1.998 se abri\u00f3 la Educaci\u00f3n General B\u00e1sica (EGB 3), luego Ciclo B\u00e1sico, que funciona en el turno tarde.<br \/>Desde 2.001 al 2.007 funcion\u00f3 el Polimodal, con tres orientaciones, que actualmente contin\u00faan, con la denominaci\u00f3n de Ciclo Orientado: Ciencias Naturales, Ciencias Sociales y Econom\u00eda.<\/p>\t\t\t\t\t\t\t\t<\/div>\n\t\t\t\t<\/div>\n\t\t\t\t<\/div>\n\t\t<div class=\"elementor-element elementor-element-bff76b6 e-con-full e-flex e-con e-child\" data-id=\"bff76b6\" data-element_type=\"container\">\n\t\t\t\t<div class=\"elementor-element elementor-element-028007f elementor-widget elementor-widget-text-editor\" data-id=\"028007f\" data-element_type=\"widget\" data-widget_type=\"text-editor.default\">\n\t\t\t\t<div class=\"elementor-widget-container\">\n\t\t\t\t\t\t\t\t\t<p>El <strong>P\u00edo XI<\/strong> en sus m\u00e1s de <strong>60 a\u00f1os<\/strong> es m\u00e1s que un Instituto, <strong>es una Casa Salesiana<\/strong> con todo lo que ello implica, porque adem\u00e1s de su destacada trayectoria acad\u00e9mica y presencia en la comunidad correntina, tanto por la oferta educativa, como por el desempe\u00f1o de sus estudiantes y exalumnos, mantiene una multiplicidad de propuestas educativas y pastorales.<\/p><p><span style=\"font-weight: 400;\">El <strong>Club de Ciencias Arqu\u00edmedes<\/strong>, las <strong>selecciones<\/strong> de diversas disciplinas <strong>deportivas<\/strong>, participaci\u00f3n en las <span style=\"color: #333300;\">olimpiadas de Geograf\u00eda, Matem\u00e1ticas, Biolog\u00eda, Astronom\u00eda; en las Jornadas Internacionales de J\u00f3venes Emprendedores (JIJE),<\/span> entre otras, son algunas de las diversas actividades anuales en las que se involucra el P\u00edo XI.<\/span><\/p>\t\t\t\t\t\t\t\t<\/div>\n\t\t\t\t<\/div>\n\t\t\t\t<div class=\"elementor-element elementor-element-bf5f2ec elementor-widget elementor-widget-image\" data-id=\"bf5f2ec\" data-element_type=\"widget\" data-widget_type=\"image.default\">\n\t\t\t\t<div class=\"elementor-widget-container\">\n\t\t\t\t\t\t\t\t\t\t\t\t\t\t\t<img fetchpriority=\"high\" decoding=\"async\" width=\"225\" height=\"225\" src=\"https:\/\/pioxicorrientes.net\/pioxi\/wp-content\/uploads\/2025\/09\/logo-arquimedez.png\" class=\"attachment-large size-large wp-image-567\" alt=\"\" srcset=\"https:\/\/pioxicorrientes.net\/pioxi\/wp-content\/uploads\/2025\/09\/logo-arquimedez.png 225w, https:\/\/pioxicorrientes.net\/pioxi\/wp-content\/uploads\/2025\/09\/logo-arquimedez-150x150.png 150w\" sizes=\"(max-width: 225px) 100vw, 225px\" \/>\t\t\t\t\t\t\t\t\t\t\t\t\t\t\t<\/div>\n\t\t\t\t<\/div>\n\t\t\t\t<div class=\"elementor-element elementor-element-5dff525 elementor-widget elementor-widget-text-editor\" data-id=\"5dff525\" data-element_type=\"widget\" data-widget_type=\"text-editor.default\">\n\t\t\t\t<div class=\"elementor-widget-container\">\n\t\t\t\t\t\t\t\t\t<p><span style=\"font-weight: 400;\">En sus instalaciones <span style=\"color: #333300;\"><em>participa el Movimiento Juvenil Salesiano<\/em><\/span> <strong>(MJS)<\/strong>, con los movimientos <strong>Mall\u00edn<\/strong> y Campamento de Reflexi\u00f3n Vocacional <strong>(<\/strong><\/span><strong>Cam.Re<\/strong><span style=\"font-weight: 400;\"><strong>.Voc)<\/strong>. La Familia Salesiana est\u00e1 presente a trav\u00e9s del <strong>Centro de Exalumnos<\/strong> y el<strong> Centro de Salesianos Cooperadores.\u00a0<\/strong><\/span><\/p><p><span style=\"font-weight: 400;\">Adem\u00e1s funciona el espacio de alojamiento Casa Pinardi, que recibe al a\u00f1o a numerosos contingentes de otras casas salesianas del pa\u00eds, as\u00ed como de otros \u00e1mbitos eclesiales.<\/span><\/p>\t\t\t\t\t\t\t\t<\/div>\n\t\t\t\t<\/div>\n\t\t\t\t<div class=\"elementor-element elementor-element-bed548b elementor-widget elementor-widget-image\" data-id=\"bed548b\" data-element_type=\"widget\" data-widget_type=\"image.default\">\n\t\t\t\t<div class=\"elementor-widget-container\">\n\t\t\t\t\t\t\t\t\t\t\t\t\t\t\t<img decoding=\"async\" width=\"225\" height=\"225\" src=\"https:\/\/pioxicorrientes.net\/pioxi\/wp-content\/uploads\/2025\/09\/logo-camrevoc.png\" class=\"attachment-large size-large wp-image-571\" alt=\"\" srcset=\"https:\/\/pioxicorrientes.net\/pioxi\/wp-content\/uploads\/2025\/09\/logo-camrevoc.png 225w, https:\/\/pioxicorrientes.net\/pioxi\/wp-content\/uploads\/2025\/09\/logo-camrevoc-150x150.png 150w\" sizes=\"(max-width: 225px) 100vw, 225px\" \/>\t\t\t\t\t\t\t\t\t\t\t\t\t\t\t<\/div>\n\t\t\t\t<\/div>\n\t\t\t\t<\/div>\n\t\t\t\t<\/div>\n\t\t<div class=\"elementor-element elementor-element-469aeb7 e-flex e-con-boxed e-con e-parent\" data-id=\"469aeb7\" data-element_type=\"container\">\n\t\t\t\t\t<div class=\"e-con-inner\">\n\t\t\t\t<div class=\"elementor-element elementor-element-09228c9 elementor-widget elementor-widget-text-editor\" data-id=\"09228c9\" data-element_type=\"widget\" data-widget_type=\"text-editor.default\">\n\t\t\t\t<div class=\"elementor-widget-container\">\n\t\t\t\t\t\t\t\t\t<blockquote><p style=\"text-align: center;\"><span style=\"color: #003300;\"><em><span style=\"font-weight: 400;\">La Casa Salesiana del P\u00edo XI, forma parte de la Obra Salesiana de Corrientes y est\u00e1 abierta a muchas y diversas actividades de nuestra sociedad para el bienestar de ni\u00f1os, ni\u00f1as, adolescentes y j\u00f3venes.<\/span><\/em><\/span><\/p><\/blockquote>\t\t\t\t\t\t\t\t<\/div>\n\t\t\t\t<\/div>\n\t\t\t\t\t<\/div>\n\t\t\t\t<\/div>\n\t\t\t\t<\/div>\n\t\t","protected":false},"excerpt":{"rendered":"<p>HISTORIA SALESIANOS EN CORRIENTES Los padres salesianos Luis Castiglia y Jos\u00e9 Borgatti llegaron a Corrientes en diciembre de 1.927, iniciando su primera<\/p>\n<p class=\"link-more\"><a class=\"myButt \" href=\"https:\/\/pioxicorrientes.net\/pioxi\/historia\/\">Read More<\/a><\/p>\n","protected":false},"author":3,"featured_media":0,"parent":0,"menu_order":0,"comment_status":"closed","ping_status":"closed","template":"elementor_header_footer","meta":{"footnotes":""},"class_list":["post-493","page","type-page","status-publish","hentry"],"_links":{"self":[{"href":"https:\/\/pioxicorrientes.net\/pioxi\/wp-json\/wp\/v2\/pages\/493","targetHints":{"allow":["GET"]}}],"collection":[{"href":"https:\/\/pioxicorrientes.net\/pioxi\/wp-json\/wp\/v2\/pages"}],"about":[{"href":"https:\/\/pioxicorrientes.net\/pioxi\/wp-json\/wp\/v2\/types\/page"}],"author":[{"embeddable":true,"href":"https:\/\/pioxicorrientes.net\/pioxi\/wp-json\/wp\/v2\/users\/3"}],"replies":[{"embeddable":true,"href":"https:\/\/pioxicorrientes.net\/pioxi\/wp-json\/wp\/v2\/comments?post=493"}],"version-history":[{"count":30,"href":"https:\/\/pioxicorrientes.net\/pioxi\/wp-json\/wp\/v2\/pages\/493\/revisions"}],"predecessor-version":[{"id":600,"href":"https:\/\/pioxicorrientes.net\/pioxi\/wp-json\/wp\/v2\/pages\/493\/revisions\/600"}],"wp:attachment":[{"href":"https:\/\/pioxicorrientes.net\/pioxi\/wp-json\/wp\/v2\/media?parent=493"}],"curies":[{"name":"wp","href":"https:\/\/api.w.org\/{rel}","templated":true}]}}