{"id":503,"date":"2025-08-04T19:28:12","date_gmt":"2025-08-04T19:28:12","guid":{"rendered":"https:\/\/pioxicorrientes.net\/pioxi\/?page_id=503"},"modified":"2026-03-16T18:58:11","modified_gmt":"2026-03-16T18:58:11","slug":"autoridades","status":"publish","type":"page","link":"https:\/\/pioxicorrientes.net\/pioxi\/autoridades\/","title":{"rendered":"Autoridades"},"content":{"rendered":"\t\t<div data-elementor-type=\"wp-page\" data-elementor-id=\"503\" class=\"elementor elementor-503\">\n\t\t\t\t<div class=\"elementor-element elementor-element-f0e4612 e-flex e-con-boxed e-con e-parent\" data-id=\"f0e4612\" data-element_type=\"container\">\n\t\t\t\t\t<div class=\"e-con-inner\">\n\t\t<div class=\"elementor-element elementor-element-416ed58 e-flex e-con-boxed e-con e-child\" data-id=\"416ed58\" data-element_type=\"container\">\n\t\t\t\t\t<div class=\"e-con-inner\">\n\t\t\t\t<div class=\"elementor-element elementor-element-a1957f2 elementor-widget elementor-widget-heading\" data-id=\"a1957f2\" data-element_type=\"widget\" data-widget_type=\"heading.default\">\n\t\t\t\t<div class=\"elementor-widget-container\">\n\t\t\t\t\t<h1 class=\"elementor-heading-title elementor-size-default\">AUTORIDADES<\/h1>\t\t\t\t<\/div>\n\t\t\t\t<\/div>\n\t\t\t\t\t<\/div>\n\t\t\t\t<\/div>\n\t\t\t\t\t<\/div>\n\t\t\t\t<\/div>\n\t\t<div class=\"elementor-element elementor-element-527764f e-flex e-con-boxed e-con e-parent\" data-id=\"527764f\" data-element_type=\"container\">\n\t\t\t\t\t<div class=\"e-con-inner\">\n\t\t\t\t<div class=\"elementor-element elementor-element-fd6fbc8 elementor-widget elementor-widget-heading\" data-id=\"fd6fbc8\" data-element_type=\"widget\" data-widget_type=\"heading.default\">\n\t\t\t\t<div class=\"elementor-widget-container\">\n\t\t\t\t\t<h2 class=\"elementor-heading-title elementor-size-default\">EQUIPO DE ANIMACI\u00d3N GESTI\u00d3N Y ACOMPA\u00d1AMIENTO - \"EAGA\"<\/h2>\t\t\t\t<\/div>\n\t\t\t\t<\/div>\n\t\t\t\t\t<\/div>\n\t\t\t\t<\/div>\n\t\t<div class=\"elementor-element elementor-element-77d8603 e-flex e-con-boxed e-con e-parent\" data-id=\"77d8603\" data-element_type=\"container\">\n\t\t\t\t\t<div class=\"e-con-inner\">\n\t\t\t\t\t<\/div>\n\t\t\t\t<\/div>\n\t\t<div class=\"elementor-element elementor-element-6246a0c e-flex e-con-boxed e-con e-parent\" data-id=\"6246a0c\" data-element_type=\"container\">\n\t\t\t\t\t<div class=\"e-con-inner\">\n\t\t<div class=\"elementor-element elementor-element-bfe363a e-con-full e-flex e-con e-child\" data-id=\"bfe363a\" data-element_type=\"container\">\n\t\t\t\t<div class=\"elementor-element elementor-element-7a84185 eael-team-align-eael-team-align-default elementor-widget elementor-widget-eael-team-member\" data-id=\"7a84185\" data-element_type=\"widget\" data-widget_type=\"eael-team-member.default\">\n\t\t\t\t<div class=\"elementor-widget-container\">\n\t\t\t\t\t\n\n\t<div id=\"eael-team-member-7a84185\" class=\"eael-team-item eael-team-members-simple \">\n\t\t<div class=\"eael-team-item-inner\">\n\t\t\t<div class=\"eael-team-image\">\n\t\t\t\t<figure>\n\t\t\t\t\t\t\t\t\t\t<img decoding=\"async\" src=\"https:\/\/pioxicorrientes.net\/pioxi\/wp-content\/uploads\/2025\/10\/Director-de-Obra-Pablo-Micheli-scaled.jpg\" alt=\"\">\n\t\t\t\t\t\t\t\t\t<\/figure>\n\t\t\t\t\n\t\t\t\t\n\t\t\t<\/div>\n\n\t\t\t<div class=\"eael-team-content\">\n\t\t\t\t<h2 class=\"eael-team-member-name\">PABLO MICHELLI<\/h2><h3 class=\"eael-team-member-position\">DIRECTOR DE OBRA<\/h3>\n\t\t\t\t\t\t\t\t\t\t\t\t\t\t<p class=\"eael-team-text\">---<\/p>\n\t\t\t\t\t\t\t<\/div>\n\t\t<\/div>\n\t<\/div>\n\t\t\t\t\t<\/div>\n\t\t\t\t<\/div>\n\t\t\t\t<\/div>\n\t\t<div class=\"elementor-element elementor-element-86a050b e-con-full e-flex e-con e-child\" data-id=\"86a050b\" data-element_type=\"container\">\n\t\t\t\t<div class=\"elementor-element elementor-element-90dff63 eael-team-align-eael-team-align-default elementor-widget elementor-widget-eael-team-member\" data-id=\"90dff63\" data-element_type=\"widget\" data-widget_type=\"eael-team-member.default\">\n\t\t\t\t<div class=\"elementor-widget-container\">\n\t\t\t\t\t\n\n\t<div id=\"eael-team-member-90dff63\" class=\"eael-team-item eael-team-members-simple \">\n\t\t<div class=\"eael-team-item-inner\">\n\t\t\t<div class=\"eael-team-image\">\n\t\t\t\t<figure>\n\t\t\t\t\t\t\t\t\t\t<img decoding=\"async\" src=\"https:\/\/pioxicorrientes.net\/pioxi\/wp-content\/uploads\/2025\/10\/Representante-Legal-Maria-Angelica-Morales-scaled.jpg\" alt=\"\">\n\t\t\t\t\t\t\t\t\t<\/figure>\n\t\t\t\t\n\t\t\t\t\n\t\t\t<\/div>\n\n\t\t\t<div class=\"eael-team-content\">\n\t\t\t\t<h2 class=\"eael-team-member-name\">MAR\u00edA ANG\u00e9LICA MORALES<\/h2><h3 class=\"eael-team-member-position\">REPRESENTANTE LEGAL<\/h3>\n\t\t\t\t\t\t\t\t\t\t\t\t\t\t<p class=\"eael-team-text\">---<\/p>\n\t\t\t\t\t\t\t<\/div>\n\t\t<\/div>\n\t<\/div>\n\t\t\t\t\t<\/div>\n\t\t\t\t<\/div>\n\t\t\t\t<\/div>\n\t\t\t\t\t<\/div>\n\t\t\t\t<\/div>\n\t\t<div class=\"elementor-element elementor-element-1842e81 e-flex e-con-boxed e-con e-parent\" data-id=\"1842e81\" data-element_type=\"container\">\n\t\t\t\t\t<div class=\"e-con-inner\">\n\t\t\t\t<div class=\"elementor-element elementor-element-5105a7a eael-team-align-eael-team-align-default elementor-widget elementor-widget-eael-team-member\" data-id=\"5105a7a\" data-element_type=\"widget\" data-widget_type=\"eael-team-member.default\">\n\t\t\t\t<div class=\"elementor-widget-container\">\n\t\t\t\t\t\n\n\t<div id=\"eael-team-member-5105a7a\" class=\"eael-team-item eael-team-members-simple \">\n\t\t<div class=\"eael-team-item-inner\">\n\t\t\t<div class=\"eael-team-image\">\n\t\t\t\t<figure>\n\t\t\t\t\t\t\t\t\t\t<img decoding=\"async\" src=\"https:\/\/pioxicorrientes.net\/pioxi\/wp-content\/uploads\/2025\/10\/IMG_4899_b.jpg\" alt=\"\">\n\t\t\t\t\t\t\t\t\t<\/figure>\n\t\t\t\t\n\t\t\t\t\n\t\t\t<\/div>\n\n\t\t\t<div class=\"eael-team-content\">\n\t\t\t\t<h2 class=\"eael-team-member-name\">n\u00e9stor GUSTAVO LORENZO<\/h2><h3 class=\"eael-team-member-position\">RECTOR<\/h3>\n\t\t\t\t\t\t\t\t\t\t\t\t\t\t<p class=\"eael-team-text\">---<\/p>\n\t\t\t\t\t\t\t<\/div>\n\t\t<\/div>\n\t<\/div>\n\t\t\t\t\t<\/div>\n\t\t\t\t<\/div>\n\t\t\t\t\t<\/div>\n\t\t\t\t<\/div>\n\t\t<div class=\"elementor-element elementor-element-e21c195 e-flex e-con-boxed e-con e-parent\" data-id=\"e21c195\" data-element_type=\"container\">\n\t\t\t\t\t<div class=\"e-con-inner\">\n\t\t<div class=\"elementor-element elementor-element-bd73d7f e-con-full e-flex e-con e-child\" data-id=\"bd73d7f\" data-element_type=\"container\">\n\t\t\t\t<div class=\"elementor-element elementor-element-c9aff8e eael-team-align-eael-team-align-default elementor-widget elementor-widget-eael-team-member\" data-id=\"c9aff8e\" data-element_type=\"widget\" data-widget_type=\"eael-team-member.default\">\n\t\t\t\t<div class=\"elementor-widget-container\">\n\t\t\t\t\t\n\n\t<div id=\"eael-team-member-c9aff8e\" class=\"eael-team-item eael-team-members-simple \">\n\t\t<div class=\"eael-team-item-inner\">\n\t\t\t<div class=\"eael-team-image\">\n\t\t\t\t<figure>\n\t\t\t\t\t\t\t\t\t\t<img decoding=\"async\" src=\"https:\/\/pioxicorrientes.net\/pioxi\/wp-content\/uploads\/2025\/10\/IMG_4190_b.jpg\" alt=\"\">\n\t\t\t\t\t\t\t\t\t<\/figure>\n\t\t\t\t\n\t\t\t\t\n\t\t\t<\/div>\n\n\t\t\t<div class=\"eael-team-content\">\n\t\t\t\t<h2 class=\"eael-team-member-name\">Mariana Palazzo<\/h2><h3 class=\"eael-team-member-position\">Vice Rectora  ciclo orientado<\/h3>\n\t\t\t\t\t\t\t\t\t\t\t\t\t\t<p class=\"eael-team-text\">---<\/p>\n\t\t\t\t\t\t\t<\/div>\n\t\t<\/div>\n\t<\/div>\n\t\t\t\t\t<\/div>\n\t\t\t\t<\/div>\n\t\t\t\t<\/div>\n\t\t<div class=\"elementor-element elementor-element-e5db597 e-con-full e-flex e-con e-child\" data-id=\"e5db597\" data-element_type=\"container\">\n\t\t\t\t<div class=\"elementor-element elementor-element-1c91072 eael-team-align-eael-team-align-default elementor-widget elementor-widget-eael-team-member\" data-id=\"1c91072\" data-element_type=\"widget\" data-widget_type=\"eael-team-member.default\">\n\t\t\t\t<div class=\"elementor-widget-container\">\n\t\t\t\t\t\n\n\t<div id=\"eael-team-member-1c91072\" class=\"eael-team-item eael-team-members-simple \">\n\t\t<div class=\"eael-team-item-inner\">\n\t\t\t<div class=\"eael-team-image\">\n\t\t\t\t<figure>\n\t\t\t\t\t\t\t\t\t\t<img decoding=\"async\" src=\"https:\/\/pioxicorrientes.net\/pioxi\/wp-content\/uploads\/2025\/10\/IMG_4194_b.jpg\" alt=\"\">\n\t\t\t\t\t\t\t\t\t<\/figure>\n\t\t\t\t\n\t\t\t\t\n\t\t\t<\/div>\n\n\t\t\t<div class=\"eael-team-content\">\n\t\t\t\t<h2 class=\"eael-team-member-name\">alicia c\u00e1ceres<\/h2><h3 class=\"eael-team-member-position\">Vice Rectora ciclo b\u00e1sico<\/h3>\n\t\t\t\t\t\t\t\t\t\t\t\t\t\t<p class=\"eael-team-text\">---<\/p>\n\t\t\t\t\t\t\t<\/div>\n\t\t<\/div>\n\t<\/div>\n\t\t\t\t\t<\/div>\n\t\t\t\t<\/div>\n\t\t\t\t<\/div>\n\t\t<div class=\"elementor-element elementor-element-b61e73d e-con-full e-flex e-con e-child\" data-id=\"b61e73d\" data-element_type=\"container\">\n\t\t\t\t<div class=\"elementor-element elementor-element-66c8e78 eael-team-align-eael-team-align-default elementor-widget elementor-widget-eael-team-member\" data-id=\"66c8e78\" data-element_type=\"widget\" data-widget_type=\"eael-team-member.default\">\n\t\t\t\t<div class=\"elementor-widget-container\">\n\t\t\t\t\t\n\n\t<div id=\"eael-team-member-66c8e78\" class=\"eael-team-item eael-team-members-simple \">\n\t\t<div class=\"eael-team-item-inner\">\n\t\t\t<div class=\"eael-team-image\">\n\t\t\t\t<figure>\n\t\t\t\t\t\t\t\t\t\t<img decoding=\"async\" src=\"https:\/\/pioxicorrientes.net\/pioxi\/wp-content\/uploads\/2025\/10\/IMG_4197_b-scaled.jpg\" alt=\"\">\n\t\t\t\t\t\t\t\t\t<\/figure>\n\t\t\t\t\n\t\t\t\t\n\t\t\t<\/div>\n\n\t\t\t<div class=\"eael-team-content\">\n\t\t\t\t<h2 class=\"eael-team-member-name\">Franco Revidatti<\/h2><h3 class=\"eael-team-member-position\">Coordinador de Pastoral<\/h3>\n\t\t\t\t\t\t\t\t\t\t\t\t\t\t<p class=\"eael-team-text\">---<\/p>\n\t\t\t\t\t\t\t<\/div>\n\t\t<\/div>\n\t<\/div>\n\t\t\t\t\t<\/div>\n\t\t\t\t<\/div>\n\t\t\t\t<\/div>\n\t\t\t\t\t<\/div>\n\t\t\t\t<\/div>\n\t\t<div class=\"elementor-element elementor-element-ea4307a e-flex e-con-boxed e-con e-parent\" data-id=\"ea4307a\" data-element_type=\"container\">\n\t\t\t\t\t<div class=\"e-con-inner\">\n\t\t\t\t<div class=\"elementor-element elementor-element-7aa0760 elementor-widget elementor-widget-shortcode\" data-id=\"7aa0760\" data-element_type=\"widget\" data-widget_type=\"shortcode.default\">\n\t\t\t\t<div class=\"elementor-widget-container\">\n\t\t\t\t\t\t\t<div class=\"elementor-shortcode\"><!-- PDF Embedder: Please provide an \"URL\" attribute in your shortcode. --><\/div>\n\t\t\t\t\t\t<\/div>\n\t\t\t\t<\/div>\n\t\t\t\t\t<\/div>\n\t\t\t\t<\/div>\n\t\t\t\t<\/div>\n\t\t","protected":false},"excerpt":{"rendered":"<p>AUTORIDADES EQUIPO DE ANIMACI\u00d3N GESTI\u00d3N Y ACOMPA\u00d1AMIENTO &#8211; \u00abEAGA\u00bb PABLO MICHELLI DIRECTOR DE OBRA &#8212; MAR\u00edA ANG\u00e9LICA MORALES REPRESENTANTE LEGAL &#8212; n\u00e9stor<\/p>\n<p class=\"link-more\"><a class=\"myButt \" href=\"https:\/\/pioxicorrientes.net\/pioxi\/autoridades\/\">Read More<\/a><\/p>\n","protected":false},"author":3,"featured_media":0,"parent":0,"menu_order":0,"comment_status":"closed","ping_status":"closed","template":"elementor_header_footer","meta":{"footnotes":""},"class_list":["post-503","page","type-page","status-publish","hentry"],"_links":{"self":[{"href":"https:\/\/pioxicorrientes.net\/pioxi\/wp-json\/wp\/v2\/pages\/503","targetHints":{"allow":["GET"]}}],"collection":[{"href":"https:\/\/pioxicorrientes.net\/pioxi\/wp-json\/wp\/v2\/pages"}],"about":[{"href":"https:\/\/pioxicorrientes.net\/pioxi\/wp-json\/wp\/v2\/types\/page"}],"author":[{"embeddable":true,"href":"https:\/\/pioxicorrientes.net\/pioxi\/wp-json\/wp\/v2\/users\/3"}],"replies":[{"embeddable":true,"href":"https:\/\/pioxicorrientes.net\/pioxi\/wp-json\/wp\/v2\/comments?post=503"}],"version-history":[{"count":57,"href":"https:\/\/pioxicorrientes.net\/pioxi\/wp-json\/wp\/v2\/pages\/503\/revisions"}],"predecessor-version":[{"id":780,"href":"https:\/\/pioxicorrientes.net\/pioxi\/wp-json\/wp\/v2\/pages\/503\/revisions\/780"}],"wp:attachment":[{"href":"https:\/\/pioxicorrientes.net\/pioxi\/wp-json\/wp\/v2\/media?parent=503"}],"curies":[{"name":"wp","href":"https:\/\/api.w.org\/{rel}","templated":true}]}}